{"id":2806,"date":"2024-03-22T13:55:54","date_gmt":"2024-03-22T12:55:54","guid":{"rendered":"https:\/\/crocantessa.com\/?page_id=2806"},"modified":"2024-04-11T02:01:47","modified_gmt":"2024-04-11T00:01:47","slug":"media-corner","status":"publish","type":"page","link":"https:\/\/crocantessa.com\/en\/media-corner\/","title":{"rendered":"Media corner"},"content":{"rendered":"\n<div class=\"flext-block-section flext-has-background flext-has-background-dim alignfull flext-block-1667649473061\"><div class=\"flext-block-section-background\"><span class=\"flext-block-section-overlay-background has-gray-background-color\"><\/span><\/div><div class=\"flext-block-section-inner\">\n<div class=\"wp-block-columns alignfull is-layout-flex wp-container-core-columns-is-layout-28f84493 wp-block-columns-is-layout-flex\">\n<div class=\"wp-block-column is-vertically-aligned-center is-layout-flow wp-block-column-is-layout-flow\"><\/div>\n<\/div>\n\n\n\n<div class=\"wp-block-columns alignfull is-layout-flex wp-container-core-columns-is-layout-28f84493 wp-block-columns-is-layout-flex\">\n<div class=\"wp-block-column is-vertically-aligned-center flext-block-1711720673819 is-layout-flow wp-block-column-is-layout-flow\">\n<figure class=\"wp-block-image aligncenter size-full is-resized flext-has-animation flext-animation-fly-in flext-animation-once flext-block-1688549442276\"><img decoding=\"async\" width=\"680\" height=\"212\" src=\"https:\/\/crocantessa.com\/wp-content\/uploads\/2024\/03\/krokant-logo-1.png\" alt=\"\" class=\"wp-image-2810\" style=\"width:250px\" srcset=\"https:\/\/crocantessa.com\/wp-content\/uploads\/2024\/03\/krokant-logo-1.png 680w, https:\/\/crocantessa.com\/wp-content\/uploads\/2024\/03\/krokant-logo-1-300x94.png 300w\" sizes=\"(max-width: 680px) 100vw, 680px\" \/><\/figure>\n<\/div>\n<\/div>\n\n\n\n<div class=\"wp-block-columns alignfull flext-block-1688553834769 is-layout-flex wp-container-core-columns-is-layout-28f84493 wp-block-columns-is-layout-flex\" id=\"losinjskikrokant\">\n<div class=\"wp-block-column flext-block-1688550950708 is-layout-flow wp-block-column-is-layout-flow\">\n<div class=\"wp-block-group alignwide is-layout-flow wp-block-group-is-layout-flow\">\n<h2 class=\"wp-block-heading has-text-align-center funkyfont has-foreground-color has-text-color has-large-font-size flext-block-1711117824387\" id=\"losinj-krokant\">Media corner<\/h2>\n\n\n\n<div class=\"wp-block-columns alignfull flext-block-1704476064207 is-layout-flex wp-container-core-columns-is-layout-28f84493 wp-block-columns-is-layout-flex\" id=\"others-about-us\">\n<div class=\"wp-block-column is-vertically-aligned-stretch flext-has-animation flext-animation-fly-in flext-animation-once flext-block-1704476064202 is-layout-flow wp-block-column-is-layout-flow\">\n<div class=\"wp-block-group is-layout-flow wp-block-group-is-layout-flow\">\n<h6 class=\"wp-block-heading has-text-align-center flext-block-1711122090511\">Download<\/h6>\n\n\n\n<div class=\"wp-block-columns folders flext-block-1711125599389 is-layout-flex wp-container-core-columns-is-layout-28f84493 wp-block-columns-is-layout-flex\">\n<div class=\"wp-block-column is-layout-flow wp-block-column-is-layout-flow\">\n<figure class=\"wp-block-image alignright size-full is-resized flext-has-animation flext-animation-fade-in flext-animation-once\"><a href=\"https:\/\/crocantessa.com\/wp-content\/uploads\/2024\/01\/MediaCorner.pdf\" target=\"_blank\" rel=\"noreferrer noopener\"><img decoding=\"async\" width=\"200\" height=\"167\" src=\"https:\/\/crocantessa.com\/wp-content\/uploads\/2024\/03\/pdf_drive.png\" alt=\"\" class=\"wp-image-3121\" style=\"width:150px\"\/><\/a><\/figure>\n<\/div>\n\n\n\n<div class=\"wp-block-column is-layout-flow wp-block-column-is-layout-flow\">\n<figure class=\"wp-block-image alignleft size-full is-resized sg-popup-id-2910\"><img decoding=\"async\" width=\"200\" height=\"167\" src=\"https:\/\/crocantessa.com\/wp-content\/uploads\/2024\/03\/photo_drive.png\" alt=\"\" class=\"wp-image-3123\" style=\"width:150px\"\/><\/figure>\n<\/div>\n<\/div>\n\n\n\n<div class=\"wp-block-columns folders flext-block-1711125591491 is-layout-flex wp-container-core-columns-is-layout-28f84493 wp-block-columns-is-layout-flex\">\n<div class=\"wp-block-column is-layout-flow wp-block-column-is-layout-flow\">\n<figure class=\"wp-block-image aligncenter size-full is-resized flext-has-animation flext-animation-fade-in flext-animation-once flext-block-1711125723539\"><a href=\"https:\/\/crocantessa.com\/wp-content\/uploads\/2024\/01\/MediaCorner.pdf\" target=\"_blank\" rel=\"noreferrer noopener\"><img decoding=\"async\" width=\"200\" height=\"167\" src=\"https:\/\/crocantessa.com\/wp-content\/uploads\/2024\/03\/pdf_drive.png\" alt=\"\" class=\"wp-image-3121\" style=\"width:100px\"\/><\/a><\/figure>\n<\/div>\n\n\n\n<div class=\"wp-block-column is-layout-flow wp-block-column-is-layout-flow\">\n<figure class=\"wp-block-image aligncenter size-full is-resized sg-popup-id-2910 flext-block-1711125696500\"><img decoding=\"async\" width=\"200\" height=\"167\" src=\"https:\/\/crocantessa.com\/wp-content\/uploads\/2024\/03\/photo_drive.png\" alt=\"\" class=\"wp-image-3123\" style=\"width:100px;height:auto\"\/><\/figure>\n<\/div>\n<\/div>\n<\/div>\n<\/div>\n<\/div>\n<\/div>\n<\/div>\n<\/div>\n<\/div><\/div>\n\n\n\n<h6 class=\"wp-block-heading has-text-align-center flext-block-1711124413354\">Packaging<\/h6>\n\n\n\n<div class=\"flext-block-gallery alignfull flext-has-animation flext-animation-fade-up flext-animation-once flext-block-1710849633799\"><div class=\"flext-carousel-gallery flext-carousel-gutters\" data-slides-per-view=\"1\" data-gutters=\"l\" data-autoplay=\"true\" data-loop=\"true\" data-centered-slides=\"true\" data-navigation=\"true\"><div class=\"flext-carousel-wrapper\"><div class=\"flext-slide\"><figure><a href=\"https:\/\/crocantessa.com\/wp-content\/uploads\/2024\/03\/crocantessa-packaging11.jpg\"><img decoding=\"async\" width=\"360\" height=\"360\" src=\"https:\/\/crocantessa.com\/wp-content\/uploads\/2024\/03\/crocantessa-packaging11-360x360.jpg\" alt=\"Lo\u0161injski krokant - sve\u010dana slastica lo\u0161injskih kapetana\" data-id=\"2748\" data-full-url=\"https:\/\/crocantessa.com\/wp-content\/uploads\/2024\/03\/crocantessa-packaging11.jpg\" data-link=\"https:\/\/crocantessa.com\/naslovna\/crocantessa-packaging11\/\" class=\"wp-image-2748\" srcset=\"https:\/\/crocantessa.com\/wp-content\/uploads\/2024\/03\/crocantessa-packaging11-360x360.jpg 360w, https:\/\/crocantessa.com\/wp-content\/uploads\/2024\/03\/crocantessa-packaging11-150x150.jpg 150w, https:\/\/crocantessa.com\/wp-content\/uploads\/2024\/03\/crocantessa-packaging11-690x690.jpg 690w\" sizes=\"(max-width: 360px) 100vw, 360px\" \/><\/a><\/figure><\/div><div class=\"flext-slide\"><figure><a href=\"https:\/\/crocantessa.com\/wp-content\/uploads\/2024\/03\/crocantessa-packaging10.jpg\"><img decoding=\"async\" width=\"360\" height=\"360\" src=\"https:\/\/crocantessa.com\/wp-content\/uploads\/2024\/03\/crocantessa-packaging10-360x360.jpg\" alt=\"Lo\u0161injski krokant - sve\u010dana slastica lo\u0161injskih kapetana\" data-id=\"2746\" data-full-url=\"https:\/\/crocantessa.com\/wp-content\/uploads\/2024\/03\/crocantessa-packaging10.jpg\" data-link=\"https:\/\/crocantessa.com\/naslovna\/crocantessa-packaging10\/\" class=\"wp-image-2746\" srcset=\"https:\/\/crocantessa.com\/wp-content\/uploads\/2024\/03\/crocantessa-packaging10-360x360.jpg 360w, https:\/\/crocantessa.com\/wp-content\/uploads\/2024\/03\/crocantessa-packaging10-150x150.jpg 150w, https:\/\/crocantessa.com\/wp-content\/uploads\/2024\/03\/crocantessa-packaging10-690x690.jpg 690w\" sizes=\"(max-width: 360px) 100vw, 360px\" \/><\/a><\/figure><\/div><div class=\"flext-slide\"><figure><a href=\"https:\/\/crocantessa.com\/wp-content\/uploads\/2024\/03\/crocantessa-packaging9.jpg\"><img decoding=\"async\" width=\"360\" height=\"360\" src=\"https:\/\/crocantessa.com\/wp-content\/uploads\/2024\/03\/crocantessa-packaging9-360x360.jpg\" alt=\"Lo\u0161injski krokant - sve\u010dana slastica lo\u0161injskih kapetana\" data-id=\"2744\" data-full-url=\"https:\/\/crocantessa.com\/wp-content\/uploads\/2024\/03\/crocantessa-packaging9.jpg\" data-link=\"https:\/\/crocantessa.com\/naslovna\/crocantessa-packaging9\/\" class=\"wp-image-2744\" srcset=\"https:\/\/crocantessa.com\/wp-content\/uploads\/2024\/03\/crocantessa-packaging9-360x360.jpg 360w, https:\/\/crocantessa.com\/wp-content\/uploads\/2024\/03\/crocantessa-packaging9-150x150.jpg 150w, https:\/\/crocantessa.com\/wp-content\/uploads\/2024\/03\/crocantessa-packaging9-690x690.jpg 690w\" sizes=\"(max-width: 360px) 100vw, 360px\" \/><\/a><\/figure><\/div><div class=\"flext-slide\"><figure><a href=\"https:\/\/crocantessa.com\/wp-content\/uploads\/2024\/03\/crocantessa-packaging8.jpg\"><img decoding=\"async\" width=\"360\" height=\"360\" src=\"https:\/\/crocantessa.com\/wp-content\/uploads\/2024\/03\/crocantessa-packaging8-360x360.jpg\" alt=\"Lo\u0161injski krokant - sve\u010dana slastica lo\u0161injskih kapetana\" data-id=\"2742\" data-full-url=\"https:\/\/crocantessa.com\/wp-content\/uploads\/2024\/03\/crocantessa-packaging8.jpg\" data-link=\"https:\/\/crocantessa.com\/naslovna\/crocantessa-packaging8\/\" class=\"wp-image-2742\" srcset=\"https:\/\/crocantessa.com\/wp-content\/uploads\/2024\/03\/crocantessa-packaging8-360x360.jpg 360w, https:\/\/crocantessa.com\/wp-content\/uploads\/2024\/03\/crocantessa-packaging8-150x150.jpg 150w, https:\/\/crocantessa.com\/wp-content\/uploads\/2024\/03\/crocantessa-packaging8-690x690.jpg 690w\" sizes=\"(max-width: 360px) 100vw, 360px\" \/><\/a><\/figure><\/div><div class=\"flext-slide\"><figure><a href=\"https:\/\/crocantessa.com\/wp-content\/uploads\/2024\/03\/crocantessa-packaging4.jpg\"><img decoding=\"async\" width=\"360\" height=\"360\" src=\"https:\/\/crocantessa.com\/wp-content\/uploads\/2024\/03\/crocantessa-packaging4-360x360.jpg\" alt=\"Lo\u0161injski krokant - sve\u010dana slastica lo\u0161injskih kapetana\" data-id=\"2734\" data-full-url=\"https:\/\/crocantessa.com\/wp-content\/uploads\/2024\/03\/crocantessa-packaging4.jpg\" data-link=\"https:\/\/crocantessa.com\/naslovna\/crocantessa-packaging4\/\" class=\"wp-image-2734\" srcset=\"https:\/\/crocantessa.com\/wp-content\/uploads\/2024\/03\/crocantessa-packaging4-360x360.jpg 360w, https:\/\/crocantessa.com\/wp-content\/uploads\/2024\/03\/crocantessa-packaging4-150x150.jpg 150w, https:\/\/crocantessa.com\/wp-content\/uploads\/2024\/03\/crocantessa-packaging4-690x690.jpg 690w\" sizes=\"(max-width: 360px) 100vw, 360px\" \/><\/a><\/figure><\/div><div class=\"flext-slide\"><figure><a href=\"https:\/\/crocantessa.com\/wp-content\/uploads\/2024\/03\/crocantessa-packaging2.jpg\"><img decoding=\"async\" width=\"360\" height=\"360\" src=\"https:\/\/crocantessa.com\/wp-content\/uploads\/2024\/03\/crocantessa-packaging2-360x360.jpg\" alt=\"Lo\u0161injski krokant - sve\u010dana slastica lo\u0161injskih kapetana\" data-id=\"2730\" data-full-url=\"https:\/\/crocantessa.com\/wp-content\/uploads\/2024\/03\/crocantessa-packaging2.jpg\" data-link=\"https:\/\/crocantessa.com\/naslovna\/crocantessa-packaging2\/\" class=\"wp-image-2730\" srcset=\"https:\/\/crocantessa.com\/wp-content\/uploads\/2024\/03\/crocantessa-packaging2-360x360.jpg 360w, https:\/\/crocantessa.com\/wp-content\/uploads\/2024\/03\/crocantessa-packaging2-150x150.jpg 150w, https:\/\/crocantessa.com\/wp-content\/uploads\/2024\/03\/crocantessa-packaging2-690x690.jpg 690w\" sizes=\"(max-width: 360px) 100vw, 360px\" \/><\/a><\/figure><\/div><\/div><\/div><\/div>\n\n\n\n<div class=\"wp-block-columns alignfull flext-block-1688554864225 is-layout-flex wp-container-core-columns-is-layout-28f84493 wp-block-columns-is-layout-flex\">\n<div class=\"wp-block-column is-vertically-aligned-center flext-block-1688554858260 is-layout-flow wp-block-column-is-layout-flow\">\n<figure class=\"wp-block-image aligncenter size-full is-resized bottomtop flext-has-animation flext-animation-fly-in flext-animation-delay-375 flext-animation-once flext-block-1688554718530\"><a href=\"#top\"><img decoding=\"async\" width=\"727\" height=\"746\" src=\"https:\/\/crocantessa.com\/wp-content\/uploads\/2024\/03\/badge.png\" alt=\"\" class=\"wp-image-2719\" style=\"width:180px\" srcset=\"https:\/\/crocantessa.com\/wp-content\/uploads\/2024\/03\/badge.png 727w, https:\/\/crocantessa.com\/wp-content\/uploads\/2024\/03\/badge-292x300.png 292w\" sizes=\"(max-width: 727px) 100vw, 727px\" \/><\/a><\/figure>\n<\/div>\n<\/div>\n","protected":false},"excerpt":{"rendered":"<p>Packaging<\/p>\n","protected":false},"author":1,"featured_media":2198,"parent":0,"menu_order":0,"comment_status":"closed","ping_status":"closed","template":"","meta":{"ngg_post_thumbnail":0,"footnotes":""},"class_list":{"0":"post-2806","1":"page","2":"type-page","3":"status-publish","4":"has-post-thumbnail","6":"entry"},"yoast_head":"<!-- This site is optimized with the Yoast SEO plugin v25.8 - https:\/\/yoast.com\/wordpress\/plugins\/seo\/ -->\n<title>Media corner - Crocantessa<\/title>\n<meta name=\"robots\" content=\"index, follow, max-snippet:-1, max-image-preview:large, max-video-preview:-1\" \/>\n<link rel=\"canonical\" href=\"https:\/\/crocantessa.com\/en\/media-corner\/\" \/>\n<meta property=\"og:locale\" content=\"en_US\" \/>\n<meta property=\"og:type\" content=\"article\" \/>\n<meta property=\"og:title\" content=\"Lo\u0161injski krokant Crocantessa\" \/>\n<meta property=\"og:description\" content=\"Lo\u0161injski krokant je sve\u010dana slastica lo\u0161injskih kapetana. Simbol je bogatstva i blagostanja.\" \/>\n<meta property=\"og:url\" content=\"https:\/\/crocantessa.com\/en\/media-corner\/\" \/>\n<meta property=\"og:site_name\" content=\"Crocantessa\" \/>\n<meta property=\"article:modified_time\" content=\"2024-04-11T00:01:47+00:00\" \/>\n<meta property=\"og:image\" content=\"https:\/\/crocantessa.com\/wp-content\/uploads\/2023\/07\/krokantogimage.png\" \/>\n\t<meta property=\"og:image:width\" content=\"1200\" \/>\n\t<meta property=\"og:image:height\" content=\"630\" \/>\n\t<meta property=\"og:image:type\" content=\"image\/png\" \/>\n<meta name=\"twitter:card\" content=\"summary_large_image\" \/>\n<meta name=\"twitter:title\" content=\"Lo\u0161injski krokant Crocantessa\" \/>\n<meta name=\"twitter:description\" content=\"Lo\u0161injski krokant je sve\u010dana slastica lo\u0161injskih kapetana. Simbol je bogatstva i blagostanja.\" \/>\n<meta name=\"twitter:image\" content=\"https:\/\/crocantessa.com\/wp-content\/uploads\/2023\/07\/krokantogimage.png\" \/>\n<meta name=\"twitter:label1\" content=\"Est. reading time\" \/>\n\t<meta name=\"twitter:data1\" content=\"3 minutes\" \/>\n<script type=\"application\/ld+json\" class=\"yoast-schema-graph\">{\"@context\":\"https:\/\/schema.org\",\"@graph\":[{\"@type\":\"WebPage\",\"@id\":\"https:\/\/crocantessa.com\/en\/media-corner\/\",\"url\":\"https:\/\/crocantessa.com\/en\/media-corner\/\",\"name\":\"Media corner - Crocantessa\",\"isPartOf\":{\"@id\":\"https:\/\/crocantessa.com\/#website\"},\"primaryImageOfPage\":{\"@id\":\"https:\/\/crocantessa.com\/en\/media-corner\/#primaryimage\"},\"image\":{\"@id\":\"https:\/\/crocantessa.com\/en\/media-corner\/#primaryimage\"},\"thumbnailUrl\":\"https:\/\/crocantessa.com\/wp-content\/uploads\/2023\/07\/0493.jpg\",\"datePublished\":\"2024-03-22T12:55:54+00:00\",\"dateModified\":\"2024-04-11T00:01:47+00:00\",\"breadcrumb\":{\"@id\":\"https:\/\/crocantessa.com\/en\/media-corner\/#breadcrumb\"},\"inLanguage\":\"en-US\",\"potentialAction\":[{\"@type\":\"ReadAction\",\"target\":[\"https:\/\/crocantessa.com\/en\/media-corner\/\"]}]},{\"@type\":\"ImageObject\",\"inLanguage\":\"en-US\",\"@id\":\"https:\/\/crocantessa.com\/en\/media-corner\/#primaryimage\",\"url\":\"https:\/\/crocantessa.com\/wp-content\/uploads\/2023\/07\/0493.jpg\",\"contentUrl\":\"https:\/\/crocantessa.com\/wp-content\/uploads\/2023\/07\/0493.jpg\",\"width\":1920,\"height\":1281,\"caption\":\"Ovo je krokant\"},{\"@type\":\"BreadcrumbList\",\"@id\":\"https:\/\/crocantessa.com\/en\/media-corner\/#breadcrumb\",\"itemListElement\":[{\"@type\":\"ListItem\",\"position\":1,\"name\":\"Po\u010detna stranica\",\"item\":\"https:\/\/crocantessa.com\/en\/naslovna\/\"},{\"@type\":\"ListItem\",\"position\":2,\"name\":\"Media corner\"}]},{\"@type\":\"WebSite\",\"@id\":\"https:\/\/crocantessa.com\/#website\",\"url\":\"https:\/\/crocantessa.com\/\",\"name\":\"Crocantessa\",\"description\":\"Lo\u0161injski krokant\",\"publisher\":{\"@id\":\"https:\/\/crocantessa.com\/#organization\"},\"potentialAction\":[{\"@type\":\"SearchAction\",\"target\":{\"@type\":\"EntryPoint\",\"urlTemplate\":\"https:\/\/crocantessa.com\/?s={search_term_string}\"},\"query-input\":{\"@type\":\"PropertyValueSpecification\",\"valueRequired\":true,\"valueName\":\"search_term_string\"}}],\"inLanguage\":\"en-US\"},{\"@type\":\"Organization\",\"@id\":\"https:\/\/crocantessa.com\/#organization\",\"name\":\"Crocantessa\",\"url\":\"https:\/\/crocantessa.com\/\",\"logo\":{\"@type\":\"ImageObject\",\"inLanguage\":\"en-US\",\"@id\":\"https:\/\/crocantessa.com\/#\/schema\/logo\/image\/\",\"url\":\"https:\/\/crocantessa.com\/wp-content\/uploads\/2024\/03\/logo-crocantessa.png\",\"contentUrl\":\"https:\/\/crocantessa.com\/wp-content\/uploads\/2024\/03\/logo-crocantessa.png\",\"width\":830,\"height\":398,\"caption\":\"Crocantessa\"},\"image\":{\"@id\":\"https:\/\/crocantessa.com\/#\/schema\/logo\/image\/\"}}]}<\/script>\n<!-- \/ Yoast SEO plugin. -->","yoast_head_json":{"title":"Media corner - Crocantessa","robots":{"index":"index","follow":"follow","max-snippet":"max-snippet:-1","max-image-preview":"max-image-preview:large","max-video-preview":"max-video-preview:-1"},"canonical":"https:\/\/crocantessa.com\/en\/media-corner\/","og_locale":"en_US","og_type":"article","og_title":"Lo\u0161injski krokant Crocantessa","og_description":"Lo\u0161injski krokant je sve\u010dana slastica lo\u0161injskih kapetana. Simbol je bogatstva i blagostanja.","og_url":"https:\/\/crocantessa.com\/en\/media-corner\/","og_site_name":"Crocantessa","article_modified_time":"2024-04-11T00:01:47+00:00","og_image":[{"width":1200,"height":630,"url":"https:\/\/crocantessa.com\/wp-content\/uploads\/2023\/07\/krokantogimage.png","type":"image\/png"}],"twitter_card":"summary_large_image","twitter_title":"Lo\u0161injski krokant Crocantessa","twitter_description":"Lo\u0161injski krokant je sve\u010dana slastica lo\u0161injskih kapetana. Simbol je bogatstva i blagostanja.","twitter_image":"https:\/\/crocantessa.com\/wp-content\/uploads\/2023\/07\/krokantogimage.png","twitter_misc":{"Est. reading time":"3 minutes"},"schema":{"@context":"https:\/\/schema.org","@graph":[{"@type":"WebPage","@id":"https:\/\/crocantessa.com\/en\/media-corner\/","url":"https:\/\/crocantessa.com\/en\/media-corner\/","name":"Media corner - Crocantessa","isPartOf":{"@id":"https:\/\/crocantessa.com\/#website"},"primaryImageOfPage":{"@id":"https:\/\/crocantessa.com\/en\/media-corner\/#primaryimage"},"image":{"@id":"https:\/\/crocantessa.com\/en\/media-corner\/#primaryimage"},"thumbnailUrl":"https:\/\/crocantessa.com\/wp-content\/uploads\/2023\/07\/0493.jpg","datePublished":"2024-03-22T12:55:54+00:00","dateModified":"2024-04-11T00:01:47+00:00","breadcrumb":{"@id":"https:\/\/crocantessa.com\/en\/media-corner\/#breadcrumb"},"inLanguage":"en-US","potentialAction":[{"@type":"ReadAction","target":["https:\/\/crocantessa.com\/en\/media-corner\/"]}]},{"@type":"ImageObject","inLanguage":"en-US","@id":"https:\/\/crocantessa.com\/en\/media-corner\/#primaryimage","url":"https:\/\/crocantessa.com\/wp-content\/uploads\/2023\/07\/0493.jpg","contentUrl":"https:\/\/crocantessa.com\/wp-content\/uploads\/2023\/07\/0493.jpg","width":1920,"height":1281,"caption":"Ovo je krokant"},{"@type":"BreadcrumbList","@id":"https:\/\/crocantessa.com\/en\/media-corner\/#breadcrumb","itemListElement":[{"@type":"ListItem","position":1,"name":"Po\u010detna stranica","item":"https:\/\/crocantessa.com\/en\/naslovna\/"},{"@type":"ListItem","position":2,"name":"Media corner"}]},{"@type":"WebSite","@id":"https:\/\/crocantessa.com\/#website","url":"https:\/\/crocantessa.com\/","name":"Crocantessa","description":"Lo\u0161injski krokant","publisher":{"@id":"https:\/\/crocantessa.com\/#organization"},"potentialAction":[{"@type":"SearchAction","target":{"@type":"EntryPoint","urlTemplate":"https:\/\/crocantessa.com\/?s={search_term_string}"},"query-input":{"@type":"PropertyValueSpecification","valueRequired":true,"valueName":"search_term_string"}}],"inLanguage":"en-US"},{"@type":"Organization","@id":"https:\/\/crocantessa.com\/#organization","name":"Crocantessa","url":"https:\/\/crocantessa.com\/","logo":{"@type":"ImageObject","inLanguage":"en-US","@id":"https:\/\/crocantessa.com\/#\/schema\/logo\/image\/","url":"https:\/\/crocantessa.com\/wp-content\/uploads\/2024\/03\/logo-crocantessa.png","contentUrl":"https:\/\/crocantessa.com\/wp-content\/uploads\/2024\/03\/logo-crocantessa.png","width":830,"height":398,"caption":"Crocantessa"},"image":{"@id":"https:\/\/crocantessa.com\/#\/schema\/logo\/image\/"}}]}},"_links":{"self":[{"href":"https:\/\/crocantessa.com\/en\/wp-json\/wp\/v2\/pages\/2806","targetHints":{"allow":["GET"]}}],"collection":[{"href":"https:\/\/crocantessa.com\/en\/wp-json\/wp\/v2\/pages"}],"about":[{"href":"https:\/\/crocantessa.com\/en\/wp-json\/wp\/v2\/types\/page"}],"author":[{"embeddable":true,"href":"https:\/\/crocantessa.com\/en\/wp-json\/wp\/v2\/users\/1"}],"replies":[{"embeddable":true,"href":"https:\/\/crocantessa.com\/en\/wp-json\/wp\/v2\/comments?post=2806"}],"version-history":[{"count":3,"href":"https:\/\/crocantessa.com\/en\/wp-json\/wp\/v2\/pages\/2806\/revisions"}],"predecessor-version":[{"id":3158,"href":"https:\/\/crocantessa.com\/en\/wp-json\/wp\/v2\/pages\/2806\/revisions\/3158"}],"wp:featuredmedia":[{"embeddable":true,"href":"https:\/\/crocantessa.com\/en\/wp-json\/wp\/v2\/media\/2198"}],"wp:attachment":[{"href":"https:\/\/crocantessa.com\/en\/wp-json\/wp\/v2\/media?parent=2806"}],"curies":[{"name":"wp","href":"https:\/\/api.w.org\/{rel}","templated":true}]}}